{"id":194,"date":"2025-05-08T21:19:38","date_gmt":"2025-05-09T00:19:38","guid":{"rendered":"https:\/\/frutou.vlmais.com.br\/?page_id=194"},"modified":"2025-05-16T15:40:09","modified_gmt":"2025-05-16T18:40:09","slug":"194-2","status":"publish","type":"page","link":"https:\/\/frutou.vlmais.com.br\/index.php\/194-2\/","title":{"rendered":"About"},"content":{"rendered":"\n<div class=\"wp-block-columns alignwide ticss-7daf8e5d is-layout-flex wp-container-core-columns-is-layout-28f84493 wp-block-columns-is-layout-flex\">\n<div class=\"wp-block-column is-layout-flow wp-block-column-is-layout-flow\">\n<h2 class=\"wp-block-heading\" style=\"font-size:2.1em;line-height:1.2\">\ud83c\udf4d Quem Somos \ud83c\udf4a<\/h2>\n\n\n\n<p>Na <strong>Frutou<\/strong>, somos apaixonados por <strong>sa\u00fade, sabor e praticidade<\/strong>. Oferecemos produtos \u00e0 base de frutas desidratadas <strong>100% naturais<\/strong>, sem adi\u00e7\u00e3o de a\u00e7\u00facares, conservantes nem aditivos artificiais. S\u00e3o <strong>cuidadosamente preparados<\/strong> para preservar todos os nutrientes, aromas e sabores originais das frutas frescas. \ud83c\udf53\ud83c\udf4c\ud83e\udd6d<\/p>\n\n\n\n<p>Acreditamos que cuidar da sa\u00fade deve ser algo <strong>simples, prazeroso e acess\u00edvel<\/strong> para todos. Seja no dia a dia, na pr\u00e1tica esportiva \ud83c\udfc3\u200d\u2640\ufe0f, no preparo de receitas culin\u00e1rias \ud83c\udf7d\ufe0f ou at\u00e9 mesmo como ingrediente especial em drinks artesanais \ud83c\udf79. Nos dedicamos para voc\u00ea, que busca praticidade sem abrir m\u00e3o da qualidade e sabor.<\/p>\n<\/div>\n\n\n\n<div class=\"wp-block-column is-layout-flow wp-block-column-is-layout-flow\">\n<figure class=\"wp-block-image size-large\"><img decoding=\"async\" src=\"https:\/\/frutou.vlmais.com.br\/wp-content\/uploads\/2025\/05\/152333552_832584363963537_5387861052616164437_n-1-1024x770.jpg\" alt=\"Frutou Imagem Quem Somos\"\/><\/figure>\n<\/div>\n<\/div>\n\n\n\n<div style=\"height:40px\" aria-hidden=\"true\" class=\"wp-block-spacer\"><\/div>\n\n\n\n<div class=\"wp-block-columns alignwide is-layout-flex wp-container-core-columns-is-layout-28f84493 wp-block-columns-is-layout-flex\">\n<div class=\"wp-block-column is-layout-flow wp-block-column-is-layout-flow\">\n<figure class=\"wp-block-image size-large\"><img decoding=\"async\" src=\"https:\/\/frutou.vlmais.com.br\/wp-content\/uploads\/2025\/05\/132004418_799013107320663_7110185034452365952_n.jpg\" alt=\"Frutou Imagem Hist\u00f3ria\"\/><\/figure>\n<\/div>\n\n\n\n<div class=\"wp-block-column is-layout-flow wp-block-column-is-layout-flow\">\n<h2 class=\"wp-block-heading\" style=\"font-size:2.1em;line-height:1.2\">\ud83c\udf4d Nossa Hist\u00f3ria \ud83c\udf4a<\/h2>\n\n\n\n<p>A <strong>Frutou<\/strong> nasceu com o sonho de melhorar a alimenta\u00e7\u00e3o das pessoas abordando o consumo adequado de frutas. Sendo especialistas na desidrata\u00e7\u00e3o de alimentos, em suas diversas t\u00e9cnicas e nuances, come\u00e7amos com pequenos lotes, buscando sempre a combina\u00e7\u00e3o perfeita entre <strong>textura, sabor e nutri\u00e7\u00e3o<\/strong>. \ud83c\udf1e\ud83c\udf31<\/p>\n\n\n\n<p>Conquistamos um p\u00fablico que valoriza a alimenta\u00e7\u00e3o natural e consciente, e passo a passo ampliamos e diversificamos nossa linha de produtos. Hoje, al\u00e9m das frutas desidratadas, oferecemos tamb\u00e9m <strong>mix de frutas selecionadas<\/strong>, <strong>especiarias especiais para drinks<\/strong> e <strong>kits exclusivos<\/strong>, sempre com aten\u00e7\u00e3o \u00e0s prefer\u00eancias dos nossos clientes.<\/p>\n\n\n\n<p>Acreditamos em um estilo de vida saud\u00e1vel e sustent\u00e1vel \ud83c\udf0d, incentivando h\u00e1bitos conscientes.<\/p>\n\n\n\n<p>A todos que nos apoiam e nos apoiaram \u2013 muito obrigado \ud83d\udc9a<\/p>\n<\/div>\n<\/div>\n","protected":false},"excerpt":{"rendered":"<p>\ud83c\udf4d Quem Somos \ud83c\udf4a Na Frutou, somos apaixonados por sa\u00fade, sabor e praticidade. Oferecemos produtos \u00e0 base de frutas desidratadas 100% naturais, sem adi\u00e7\u00e3o de a\u00e7\u00facares, conservantes nem aditivos artificiais. S\u00e3o cuidadosamente preparados para preservar todos os nutrientes, aromas e sabores originais das frutas frescas. \ud83c\udf53\ud83c\udf4c\ud83e\udd6d Acreditamos que cuidar da sa\u00fade deve ser algo simples, [&hellip;]<\/p>\n","protected":false},"author":1,"featured_media":0,"parent":0,"menu_order":0,"comment_status":"closed","ping_status":"closed","template":"template-plain","meta":{"_themeisle_gutenberg_block_has_review":false,"footnotes":""},"class_list":["post-194","page","type-page","status-publish","hentry"],"_links":{"self":[{"href":"https:\/\/frutou.vlmais.com.br\/index.php\/wp-json\/wp\/v2\/pages\/194","targetHints":{"allow":["GET"]}}],"collection":[{"href":"https:\/\/frutou.vlmais.com.br\/index.php\/wp-json\/wp\/v2\/pages"}],"about":[{"href":"https:\/\/frutou.vlmais.com.br\/index.php\/wp-json\/wp\/v2\/types\/page"}],"author":[{"embeddable":true,"href":"https:\/\/frutou.vlmais.com.br\/index.php\/wp-json\/wp\/v2\/users\/1"}],"replies":[{"embeddable":true,"href":"https:\/\/frutou.vlmais.com.br\/index.php\/wp-json\/wp\/v2\/comments?post=194"}],"version-history":[{"count":25,"href":"https:\/\/frutou.vlmais.com.br\/index.php\/wp-json\/wp\/v2\/pages\/194\/revisions"}],"predecessor-version":[{"id":737,"href":"https:\/\/frutou.vlmais.com.br\/index.php\/wp-json\/wp\/v2\/pages\/194\/revisions\/737"}],"wp:attachment":[{"href":"https:\/\/frutou.vlmais.com.br\/index.php\/wp-json\/wp\/v2\/media?parent=194"}],"curies":[{"name":"wp","href":"https:\/\/api.w.org\/{rel}","templated":true}]}}