{"id":439,"date":"2025-05-13T14:52:26","date_gmt":"2025-05-13T17:52:26","guid":{"rendered":"https:\/\/frutou.vlmais.com.br\/index.php\/produto\/abacaxi-desidratado-1kg\/"},"modified":"2025-07-21T16:09:15","modified_gmt":"2025-07-21T19:09:15","slug":"abacaxi-desidratado-1kg","status":"publish","type":"product","link":"https:\/\/frutou.vlmais.com.br\/index.php\/produto\/abacaxi-desidratado-1kg\/","title":{"rendered":"Abacaxi Desidratado \u2013 1Kg"},"content":{"rendered":"<p>Abacaxi Desidratado<\/p>\n<p><strong>Descubra a Del\u00edcia<\/strong> Tropical do <strong>Abacaxi Desidratado<\/strong> FRUTOU!<\/p>\n<p>As frutas selecionadas e desidratadas da FRUTOU preservam todo o sabor e os nutrientes dessa fruta deliciosa. Com a conveni\u00eancia das frutas de bolso, voc\u00ea pode desfrutar do sabor refrescante do abacaxi a qualquer momento e em qualquer lugar.<\/p>\n<p>Compre Agora e <strong>Experimente a Praticidade e o Sabor das Frutas de Bolso FRUTOU!<\/strong><\/p>\n<p>Veja o Melhor Abacaxi Desidratado do Brasil<\/p>\n<p>Benef\u00edcios e Caracter\u00edsticas<\/p>\n<ul>\n<li>100% Natural:\u00a0Sem adi\u00e7\u00e3o de a\u00e7\u00facares ou conservantes, mantendo a pureza e o sabor aut\u00eantico do abacaxi.<\/li>\n<li>Praticidade:\u00a0Ideal para levar na bolsa, mochila ou lancheira. Perfeito para o dia a dia agitado, garantindo uma op\u00e7\u00e3o de lanche saud\u00e1vel e saboroso.<\/li>\n<li>Saud\u00e1vel e Nutritivo: Rico em vitaminas, minerais e fibras, contribuindo para uma alimenta\u00e7\u00e3o equilibrada.<\/li>\n<li>Versatilidade:\u00a0Pode ser consumido puro, adicionado a mix de frutas, cereais, iogurtes ou em receitas diversas, agregando sabor e nutrientes.<\/li>\n<\/ul>\n<p>Informa\u00e7\u00f5es Nutricionais:<\/p>\n<p>Por\u00e7\u00e3o de 50g (1 embalagem):<\/p>\n<p>&#8211; Valor energ\u00e9tico: 177,3 Kcal<\/p>\n<p>&#8211; Carboidratos: 43,8g<\/p>\n<p>&#8211; Prote\u00ednas: 0g<\/p>\n<p>&#8211; Gorduras totais: 0g<\/p>\n<p>&#8211; Gorduras saturadas: 0g<\/p>\n<p>&#8211; Gorduras trans: 0g<\/p>\n<p>&#8211; Fibra alimentar: 0g<\/p>\n<p>&#8211; S\u00f3dio: 0mg<\/p>\n","protected":false},"excerpt":{"rendered":"<p>Abacaxi Desidratado<\/p>\n<p>Del\u00edcia Tropical do Abacaxi Desidratado<\/p>\n<p>100% Natural: Sem adi\u00e7\u00e3o de a\u00e7\u00facares ou conservantes, mantendo a pureza e o sabor aut\u00eantico do abacaxi.<\/p>\n","protected":false},"featured_media":69,"comment_status":"open","ping_status":"closed","template":"","meta":{"_themeisle_gutenberg_block_has_review":false},"product_brand":[],"product_cat":[32,18],"product_tag":[],"class_list":{"0":"post-439","1":"product","2":"type-product","3":"status-publish","4":"has-post-thumbnail","6":"product_cat-abacaxi","7":"product_cat-frutas-desidratadas","9":"first","10":"instock","11":"shipping-taxable","12":"purchasable","13":"product-type-simple"},"_links":{"self":[{"href":"https:\/\/frutou.vlmais.com.br\/index.php\/wp-json\/wp\/v2\/product\/439","targetHints":{"allow":["GET"]}}],"collection":[{"href":"https:\/\/frutou.vlmais.com.br\/index.php\/wp-json\/wp\/v2\/product"}],"about":[{"href":"https:\/\/frutou.vlmais.com.br\/index.php\/wp-json\/wp\/v2\/types\/product"}],"replies":[{"embeddable":true,"href":"https:\/\/frutou.vlmais.com.br\/index.php\/wp-json\/wp\/v2\/comments?post=439"}],"wp:featuredmedia":[{"embeddable":true,"href":"https:\/\/frutou.vlmais.com.br\/index.php\/wp-json\/wp\/v2\/media\/69"}],"wp:attachment":[{"href":"https:\/\/frutou.vlmais.com.br\/index.php\/wp-json\/wp\/v2\/media?parent=439"}],"wp:term":[{"taxonomy":"product_brand","embeddable":true,"href":"https:\/\/frutou.vlmais.com.br\/index.php\/wp-json\/wp\/v2\/product_brand?post=439"},{"taxonomy":"product_cat","embeddable":true,"href":"https:\/\/frutou.vlmais.com.br\/index.php\/wp-json\/wp\/v2\/product_cat?post=439"},{"taxonomy":"product_tag","embeddable":true,"href":"https:\/\/frutou.vlmais.com.br\/index.php\/wp-json\/wp\/v2\/product_tag?post=439"}],"curies":[{"name":"wp","href":"https:\/\/api.w.org\/{rel}","templated":true}]}}