{"id":456,"date":"2025-05-13T14:52:34","date_gmt":"2025-05-13T17:52:34","guid":{"rendered":"https:\/\/frutou.vlmais.com.br\/index.php\/produto\/maca-desidratada-50g\/"},"modified":"2025-07-21T16:11:00","modified_gmt":"2025-07-21T19:11:00","slug":"maca-desidratada-50g","status":"publish","type":"product","link":"https:\/\/frutou.vlmais.com.br\/index.php\/produto\/maca-desidratada-50g\/","title":{"rendered":"Ma\u00e7\u00e3 Desidratada &#8211; 50g"},"content":{"rendered":"<p>Ma\u00e7\u00e3 Desidratada<\/p>\n","protected":false},"excerpt":{"rendered":"<p>Ma\u00e7\u00e3 Desidratada<\/p>\n","protected":false},"featured_media":180,"comment_status":"open","ping_status":"closed","template":"","meta":{"_themeisle_gutenberg_block_has_review":false},"product_brand":[],"product_cat":[18,31],"product_tag":[],"class_list":{"0":"post-456","1":"product","2":"type-product","3":"status-publish","4":"has-post-thumbnail","6":"product_cat-frutas-desidratadas","7":"product_cat-maca","9":"first","10":"instock","11":"shipping-taxable","12":"purchasable","13":"product-type-simple"},"_links":{"self":[{"href":"https:\/\/frutou.vlmais.com.br\/index.php\/wp-json\/wp\/v2\/product\/456","targetHints":{"allow":["GET"]}}],"collection":[{"href":"https:\/\/frutou.vlmais.com.br\/index.php\/wp-json\/wp\/v2\/product"}],"about":[{"href":"https:\/\/frutou.vlmais.com.br\/index.php\/wp-json\/wp\/v2\/types\/product"}],"replies":[{"embeddable":true,"href":"https:\/\/frutou.vlmais.com.br\/index.php\/wp-json\/wp\/v2\/comments?post=456"}],"wp:featuredmedia":[{"embeddable":true,"href":"https:\/\/frutou.vlmais.com.br\/index.php\/wp-json\/wp\/v2\/media\/180"}],"wp:attachment":[{"href":"https:\/\/frutou.vlmais.com.br\/index.php\/wp-json\/wp\/v2\/media?parent=456"}],"wp:term":[{"taxonomy":"product_brand","embeddable":true,"href":"https:\/\/frutou.vlmais.com.br\/index.php\/wp-json\/wp\/v2\/product_brand?post=456"},{"taxonomy":"product_cat","embeddable":true,"href":"https:\/\/frutou.vlmais.com.br\/index.php\/wp-json\/wp\/v2\/product_cat?post=456"},{"taxonomy":"product_tag","embeddable":true,"href":"https:\/\/frutou.vlmais.com.br\/index.php\/wp-json\/wp\/v2\/product_tag?post=456"}],"curies":[{"name":"wp","href":"https:\/\/api.w.org\/{rel}","templated":true}]}}